{"id":431,"date":"2017-09-25T12:38:38","date_gmt":"2017-09-25T12:38:38","guid":{"rendered":"http:\/\/www.prokapital.com\/overview\/?lang=lv"},"modified":"2024-05-21T12:31:58","modified_gmt":"2024-05-21T12:31:58","slug":"overview","status":"publish","type":"page","link":"https:\/\/www.prokapital.com\/lv\/overview\/","title":{"rendered":"P\u0101rskats"},"content":{"rendered":"<p><em>Pro Kapital Grupp<\/em> ir Igaunijas vado\u0161ais nekustam\u0101 \u012bpa\u0161uma att\u012bst\u012bt\u0101js, kas nodarbojas ar m\u016bsdien\u012bgiem lielapjoma biznesa un dz\u012bvojam\u0101 sektora nekustam\u0101 \u012bpa\u0161uma projektiem Igaunijas, Latvijas un Lietuvas galvaspils\u0113t\u0101s.<\/p>\n<p>Kop\u0161 <em>Pro\u00a0Kapital<\/em> dibin\u0101\u0161anas 1994.\u00a0gad\u0101 uz\u0146\u0113mums ir \u012bstenojis vair\u0101k nek\u0101 20\u00a0att\u012bst\u012bbas projektus ar kop\u0113jo plat\u012bbu vair\u0101k nek\u0101 250\u00a0000\u00a0kvadr\u0101tmetru. Baltijas valstu nekustam\u0101 \u012bpa\u0161uma sektor\u0101 <em>Pro\u00a0Kapital<\/em> projekti ir biju\u0161i vieni no iev\u0113rojam\u0101kajiem.<\/p>\n<p><em>Pro\u00a0Kapital<\/em> uzb\u016bv\u0113taj\u0101s \u0113k\u0101s katru dienu mostas, str\u0101d\u0101, iep\u0113rkas t\u016bksto\u0161iem\u00a0cilv\u0113ku.<\/p>\n<p><em>Pro\u00a0Kapital<\/em> vada pieredz\u0113jusi nekustam\u0101 \u012bpa\u0161uma ekspertu komanda, kurai ir vair\u0101k nek\u0101 20\u00a0gadu pieredze darb\u0101 ar Baltijas nekustamo \u012bpa\u0161umu att\u012bst\u012bb\u0101.<\/p>\n<p>2018. gad\u0101 <em>Pro\u00a0Kapital<\/em> Igaunij\u0101, Latvij\u0101, Lietuv\u0101 un V\u0101cij\u0101 kop\u0101 str\u0101d\u0101ja 89 darbinieki.<\/p>\n<p>2018. gadu uz\u0146\u0113mums nosl\u0113dza ar neto ie\u0146\u0113mumiem 28 milj. eiro apm\u0113r\u0101, no kuriem t\u012br\u0101 pe\u013c\u0146a sast\u0101d\u012bja 18 milj.eiro.<\/p>\n<p>2012. gada 23. novembr\u012b AS Pro Kapital Grupp akcijas s\u0101ka kot\u0113t Nasdaq Tallinas fondu bir\u017eas otraj\u0101 sarakst\u0101. Kop\u0161 2018. gada 19. novembra m\u016bsu akcijas tiek tirgotas Nasdaq Tallinas fondu bir\u017eas ofici\u0101laj\u0101 sarakst\u0101.<\/p>\n","protected":false},"excerpt":{"rendered":"<p>Pro Kapital Grupp ir Igaunijas vado\u0161ais nekustam\u0101 \u012bpa\u0161uma att\u012bst\u012bt\u0101js, kas nodarbojas ar m\u016bsdien\u012bgiem lielapjoma biznesa un dz\u012bvojam\u0101 sektora nekustam\u0101 \u012bpa\u0161uma projektiem Igaunijas, Latvijas un Lietuvas galvaspils\u0113t\u0101s. Kop\u0161 Pro\u00a0Kapital dibin\u0101\u0161anas 1994.\u00a0gad\u0101 uz\u0146\u0113mums ir \u012bstenojis vair\u0101k nek\u0101 20\u00a0att\u012bst\u012bbas projektus ar kop\u0113jo plat\u012bbu [&hellip;]<\/p>\n","protected":false},"author":1,"featured_media":9899,"parent":0,"menu_order":53,"comment_status":"closed","ping_status":"closed","template":"page-templates\/tpl-overview.php","meta":{"_acf_changed":false,"footnotes":""},"class_list":["post-431","page","type-page","status-publish","has-post-thumbnail","hentry"],"acf":[],"_links":{"self":[{"href":"https:\/\/www.prokapital.com\/lv\/wp-json\/wp\/v2\/pages\/431","targetHints":{"allow":["GET"]}}],"collection":[{"href":"https:\/\/www.prokapital.com\/lv\/wp-json\/wp\/v2\/pages"}],"about":[{"href":"https:\/\/www.prokapital.com\/lv\/wp-json\/wp\/v2\/types\/page"}],"author":[{"embeddable":true,"href":"https:\/\/www.prokapital.com\/lv\/wp-json\/wp\/v2\/users\/1"}],"replies":[{"embeddable":true,"href":"https:\/\/www.prokapital.com\/lv\/wp-json\/wp\/v2\/comments?post=431"}],"version-history":[{"count":29,"href":"https:\/\/www.prokapital.com\/lv\/wp-json\/wp\/v2\/pages\/431\/revisions"}],"predecessor-version":[{"id":10782,"href":"https:\/\/www.prokapital.com\/lv\/wp-json\/wp\/v2\/pages\/431\/revisions\/10782"}],"wp:featuredmedia":[{"embeddable":true,"href":"https:\/\/www.prokapital.com\/lv\/wp-json\/wp\/v2\/media\/9899"}],"wp:attachment":[{"href":"https:\/\/www.prokapital.com\/lv\/wp-json\/wp\/v2\/media?parent=431"}],"curies":[{"name":"wp","href":"https:\/\/api.w.org\/{rel}","templated":true}]}}