{"id":4184,"date":"2018-07-10T14:17:03","date_gmt":"2018-07-10T14:17:03","guid":{"rendered":"http:\/\/www.prokapital.com\/privacy-policy\/?lang=lv"},"modified":"2018-07-18T07:57:55","modified_gmt":"2018-07-18T07:57:55","slug":"privacy-policy","status":"publish","type":"page","link":"https:\/\/www.prokapital.com\/lv\/privacy-policy\/","title":{"rendered":"Priv\u0101tuma politika"},"content":{"rendered":"<p>Sp\u0113k\u0101 kop\u0161: 04.07.2018.<\/p>\n<p>AS Pro Kapital Grupp (\u201cm\u0113s\u201d vai \u201cuz\u0146\u0113mums\u201d, vai \u201cPKG\u201d) oper\u0113 http:\/\/prokapital.com\/ t\u012bmek\u013ca lapu (\u201cPakalpojumu\u201d).<\/p>\n<p>Ar \u0161o, laik\u0101, kad izmantojat m\u016bsu Pakalpojumu, inform\u0113jam par J\u016bsu personas datu iev\u0101k\u0161anas, izmanto\u0161anas un publisko\u0161anas politiku.<\/p>\n<p>Izmantojam J\u016bsu datus, lai sniegtu Jums Pakalpojumu, k\u0101 ar\u012b lai to uzlabotu. Izmantojot m\u016bsu Pakalpojumu, esat sniedzis piekri\u0161anu, ka v\u0101cam un izmantojam J\u016bsu datus saska\u0146\u0101 ar \u0161o politiku.<\/p>\n<h2>Datu iev\u0101k\u0161ana un izmanto\u0161ana<\/h2>\n<p>Iev\u0101cam da\u017e\u0101da veida inform\u0101ciju, lai sniegtu un uzlabotu savu Pakalpojumu.<\/p>\n<h3>Uzkr\u0101jamo datu veidi<\/h3>\n<h4>Personas dati<\/h4>\n<p>Izmantojot m\u016bsu Pakalpojumu, varam Jums vaic\u0101t zin\u0101mu person\u012bga rakstura J\u016bs identific\u0113jo\u0161u inform\u0101ciju, kuru varam pielietot, lai sazin\u0101tos ar Jums vai lai identific\u0113tu J\u016bs (\u201cPersonas dati\u201d). Person\u012bga, identific\u0113jo\u0161a inform\u0101cija var b\u016bt sekojo\u0161a, turkl\u0101t t\u0101 var neb\u016bt izsme\u013co\u0161a:<\/p>\n<ul>\n<li>J\u016bs e-pasta adrese;<\/li>\n<li>J\u016bsu v\u0101rds un uzv\u0101rds;<\/li>\n<li>J\u016bsu t\u0101lru\u0146a numurs;<\/li>\n<li>J\u016bsu adrese, pils\u0113ta\/ ciems, novads, pasta indekss;<\/li>\n<li>S\u012bkdatnes un lieto\u0161anas dati.<\/li>\n<\/ul>\n<h4>Lieto\u0161anas dati<\/h4>\n<p>M\u0113s varam iev\u0101kt inform\u0101ciju par to, k\u0101da ir pieeja Pakalpojumam un k\u0101 tas tiek lietots (\u201cLieto\u0161anas dati\u201d). Lieto\u0161anas dati var iek\u013caut t\u0101du inform\u0101ciju, k\u0101 J\u016bsu datora IP adrese, p\u0101rl\u016bkprogrammas tips, p\u0101rl\u016bkprogrammas versija, m\u016bsu Pakalpojuma t\u012bmek\u013ca lapas, kuras J\u016bs izmantojat, J\u016bsu apmekl\u0113juma laiks un datums, cik ilgu laiku J\u016bs \u0161aj\u0101s lap\u0101s pavad\u0101t, unik\u0101lie datoraparat\u016bras identifikatori un citi diagnostikas dati.<\/p>\n<h4>S\u012bkdatnes<\/h4>\n<p>M\u016bsu Pakalpojuma t\u012bmek\u013ca lapas izmanto s\u012bkdatnes, lai sekotu m\u016bsu Pakalpojuma izmanto\u0161anas aktivit\u0101tei un lai saglab\u0101tu zin\u0101mu inform\u0101ciju.<\/p>\n<p>S\u012bkdatnes ir faili ar mazu apjomu, kas var ietvert anon\u012bmu unik\u0101lu identifikatoru. S\u012bkdatnes tiek nos\u016bt\u012btas uz J\u016bsu p\u0101rl\u016bkprogrammu no t\u012bmek\u013ca lapas un t\u0101s tiek saglab\u0101tas J\u016bsu datoraparat\u016br\u0101. T\u0101s tiek izmantotas, lai uzlabotu Pakalpojumu.<\/p>\n<p>J\u016bs varat likt savai p\u0101rl\u016bkprogrammai atteikties no s\u012bkdatn\u0113m vai inform\u0113t J\u016bs laik\u0101, kad s\u012bkdatnes tiek pied\u0101v\u0101tas. Gad\u012bjum\u0101, ja J\u016bs atsak\u0101ties pie\u0146emt s\u012bkdatnes, var gad\u012bties, ka zin\u0101mu da\u013cu m\u016bsu Pakalpojumu neb\u016bs iesp\u0113jams izmantot.<\/p>\n<p>M\u016bsu s\u012bkdat\u0146u lieto\u0161anas piem\u0113ri:<\/p>\n<ul>\n<li><b><\/b><strong><b>Apmekl\u0113juma<\/b><\/strong><strong><b>s\u012bkdatnes<\/b><\/strong>. Oper\u0113jot m\u016bsu Pakalpojumu, apmekl\u0113juma s\u012bkdatnes izmantojam katru reizi, kad tiek izmantota\/ apmekl\u0113ta t\u012bmek\u013ca lapa.<\/li>\n<li><b><\/b><strong><b>Funkcion\u0101l\u0101s s\u012bkdatnes<\/b><\/strong>. Izmantojam t\u0101s, lai patur\u0113tu pr\u0101t\u0101 j\u016bsu v\u0113lmes un da\u017e\u0101dus iestat\u012bjumus.<\/li>\n<li><b><\/b><strong><b>Dro\u0161\u012bbas s\u012bkdatnes<\/b><\/strong>.<b><\/b>Lai pild\u012btu ar dro\u0161\u012bbu saist\u012btus m\u0113r\u0137us, izmantojam dro\u0161\u012bbas s\u012bkdatnes.<\/li>\n<\/ul>\n<h2>Datu lieto\u0161ana<\/h2>\n<p>AS Pro Kapital Grupp un grupas meitas uz\u0146\u0113mumi uzkr\u0101tos datus izmanto da\u017e\u0101diem m\u0113r\u0137iem:<\/p>\n<ul>\n<li>Pakalpojuma snieg\u0161ana un administr\u0113\u0161ana;<\/li>\n<li>J\u016bsu inform\u0113\u0161ana par m\u016bsu Pakalpojum\u0101 ieviestajiem groz\u012bjumiem;<\/li>\n<li>M\u016bsu Pakalpojuma interakt\u012bvo da\u013cu izmanto\u0161ana, ja J\u016bs \u0161\u0101du izv\u0113li izdar\u0101t;<\/li>\n<li>Klientu atbalsts;<\/li>\n<li>Inform\u0101cijas anal\u012bze, lai uzlabotu m\u016bsu Pakalpojumu;<\/li>\n<li>Pakalpojuma izmanto\u0161anas monitorings;<\/li>\n<li>Tehnisku probl\u0113mu atkl\u0101\u0161ana, prognoz\u0113\u0161ana un nov\u0113r\u0161ana.<\/li>\n<\/ul>\n<h2>Datu p\u0101rs\u016bt\u012b\u0161ana<\/h2>\n<p>Varam J\u016bsu datus, tostarp J\u016bsu personas datus, p\u0101rs\u016bt\u012bt un glab\u0101t datoros, kas atrodas \u0101rpus J\u016bsu dz\u012bvesvietas\/ pils\u0113tas\/ novada\/ valsts vai citas \u0123eogr\u0101fiskas vien\u012bbas, kuru datu aizsardz\u012bbas likumi var at\u0161\u0137irties no likumiem J\u016bsu atra\u0161an\u0101s viet\u0101.<\/p>\n<p>Ja atrodaties \u0101rpus Igaunijas Republikas un nolemjat mums nos\u016bt\u012bt savu inform\u0101ciju, l\u016bdzu, \u0146emiet v\u0113r\u0101, ka m\u0113s datus, tostarp J\u016bsu personas datus, p\u0101rs\u016bt\u0101m uz Igauniju un to apstr\u0101di veicam Igaunij\u0101.<\/p>\n<p>Izv\u0113les r\u016bti\u0146as atz\u012bm\u0113\u0161ana kop\u0101 ar J\u016bsu inform\u0101cijas nos\u016bt\u012b\u0161anu mums noz\u012bm\u0113, ka esat piekritis m\u016bsu priv\u0101tuma politikai, k\u0101 ar\u012b savu datu saglab\u0101\u0161anai, izmanto\u0161anai un p\u0101rs\u016bt\u012b\u0161anai.<\/p>\n<p>AS Pro Kapital Grupp un grupas meitas uz\u0146\u0113mumi pielieto visus sapr\u0101t\u012bgus m\u0113rus, t\u0101d\u0101 veid\u0101 nodro\u0161inot, ka J\u016bsu dati tiek aizsarg\u0101ti, tie tiek saglab\u0101ti un izmantoti saska\u0146\u0101 ar \u0161o priv\u0101tuma politiku, un J\u016bsu person\u012bgie dati netiek p\u0101rs\u016bt\u012bti uz\u0146\u0113mumam vai valstij, kur\u0101 datu, tostarp personas datu, aizsardz\u012bba netiek pietiekami kontrol\u0113ta.<\/p>\n<h2>Datu publisko\u0161ana<\/h2>\n<h3>Pras\u012bbas, kas izriet no likuma<\/h3>\n<p>AS Pro Kapital Grupp un grupas meitas uz\u0146\u0113mumi var labtic\u012bgi publiskot J\u016bsu personas datus, ja \u0161\u0101da nepiecie\u0161am\u012bba rodas, lai:<\/p>\n<ul>\n<li>Iev\u0113rotu ar likumu noteikt\u0101s pras\u012bbas;<\/li>\n<li>Aizsarg\u0101tu AS Pro Kapital Grupp un grupas meitas uz\u0146\u0113muma \u012bpa\u0161umu un ties\u012bbas;<\/li>\n<li>Nov\u0113rstu vai izmekl\u0113tu ar Pakalpojumu saist\u012btu iesp\u0113jamu \u013caunpr\u0101t\u012bgu izmanto\u0161anu;<\/li>\n<li>Aizsarg\u0101tu Pakalpojuma lietot\u0101ju personas;<\/li>\n<li>Aizsarg\u0101tu uz\u0146\u0113muma AS Pro Kapital Grupp un grupas meitas uz\u0146\u0113mumus no atbild\u012bbas, zaud\u0113jumiem un cit\u0101m pras\u012bb\u0101m.<\/li>\n<\/ul>\n<h2>Datu dro\u0161\u012bba<\/h2>\n<p>J\u016bsu datu dro\u0161\u012bba mums ir svar\u012bga, tom\u0113r, l\u016bdzu, \u0146emiet v\u0113r\u0101, ka neviena ar interneta starpniec\u012bbu veicam\u0101 p\u0101rs\u016bt\u012b\u0161anas vai elektronisk\u0101s saglab\u0101\u0161anas metode nav 100% dro\u0161a. Lai gan m\u016bsu m\u0113r\u0137is ir izmantot visp\u0101r\u0113j\u0101 aprit\u0113 akcept\u0113jam\u0101s metodes, lai t\u0101d\u0113j\u0101di aizsarg\u0101tu J\u016bsu personas datus, m\u0113s nevaram garant\u0113t to absol\u016btu dro\u0161\u012bbu.<\/p>\n<h2>Pakalpojuma sniedz\u0113ji<\/h2>\n<p>M\u0113s varam izmantot tre\u0161\u0101s personas un priv\u0101tpersonas (\u201cPakalpojuma sniedz\u0113jus\u201d), lai m\u016bsu v\u0101rd\u0101 sniegtu Pakalpojumu, lai sniegtu ar Pakalpojumu saist\u012btos pakalpojumus vai lai sa\u0146emtu pal\u012bdz\u012bbu saist\u012bb\u0101 ar anal\u012bzi par to, k\u0101 m\u016bsu Pakalpojums tiek izmantots.<\/p>\n<p>\u0160\u0101d\u0101m tre\u0161\u0101m person\u0101m ir pieeja J\u016bsu person\u012bgajai inform\u0101cijai vien\u012bgi t\u0101d\u0113\u013c, lai m\u016bsu v\u0101rd\u0101 izpild\u012btu iepriek\u0161min\u0113tos uzdevumus, turkl\u0101t t\u0101s ap\u0146emas \u0161os datus nepubliskot nek\u0101du citu m\u0113r\u0137u v\u0101rd\u0101.<\/p>\n<h2>Citu t\u012bmek\u013ca lapu saites<\/h2>\n<p>M\u016bsu Pakalpojums var ietvert saites uz cit\u0101m t\u012bmek\u013ca lap\u0101m, kuras m\u0113s neoper\u0113jam. Ja J\u016bs uzklik\u0161\u0137in\u0101t uz \u0161\u0101das saites, J\u016bs non\u0101kat \u0161aj\u0101 t\u012bmek\u013ca lap\u0101. Uzst\u0101j\u012bgi iesak\u0101m Jums iepaz\u012bties ar t\u012bmek\u013ca lapas, kuru v\u0113laties apmekl\u0113t, priv\u0101tuma politiku.<\/p>\n<p>Mums nav kontroles, k\u0101 ar\u012b m\u0113s neuz\u0146emamies atbild\u012bbu par \u0161\u0101d\u0101m tre\u0161o personu t\u012bmek\u013ca lap\u0101m, priv\u0101tuma politiku vai praksi, darb\u012bbu un pakalpojumiem.<\/p>\n<h2>B\u0113rnu priv\u0101tums<\/h2>\n<p>M\u016bsu Pakalpojums nav dom\u0101ts, lai uzrun\u0101tu personas, kas jaun\u0101kas par 18 gadiem (\u201cB\u0113rnus\u201d).<\/p>\n<p>Pa\u0161iem zinot, m\u0113s neuzkr\u0101jam person\u012bgi identific\u0113jamu inform\u0101ciju par nevienu, kas ir jaun\u0101ks par 18 gadiem. Gad\u012bjum\u0101, ja esat personas vec\u0101ks vai aizbildnis, vai apr\u016bp\u0113t\u0101js, un zin\u0101t, ka J\u016bsu B\u0113rni ir mums nos\u016bt\u012bju\u0161i personas datus, l\u016bdzu, sazinieties ar mums. Gad\u012bjum\u0101, ja m\u0113s pa\u0161i atkl\u0101sim, ka esam uzkr\u0101ju\u0161i personas datus no B\u0113rniem bez vec\u0101ku piekri\u0161anas, dar\u012bsim visu iesp\u0113jamo, lai \u0161o inform\u0101ciju no m\u016bsu serveriem dz\u0113stu.<\/p>\n<h2>Groz\u012bjumi \u0161aj\u0101 priv\u0101tuma politik\u0101<\/h2>\n<p>Ik pa laikam m\u0113s varam iek\u013caut groz\u012bjumus m\u016bsu priv\u0101tuma politik\u0101. Dar\u012bsim Jums to zin\u0101mu, public\u0113jot jaunu priv\u0101tuma politiku \u0161aj\u0101 lap\u0101.<\/p>\n<p>Gad\u012bjum\u0101, ja m\u016bsu priv\u0101tuma politik\u0101 tiek iek\u013cauts b\u016btisks groz\u012bjums, pirms tas st\u0101jies sp\u0113k\u0101, nos\u016bt\u012bsim Jums inform\u0101ciju uz e-pastu, k\u0101 ar\u012b groz\u012bsim priv\u0101tuma politikas sp\u0113k\u0101 esam\u012bbas datumu.<\/p>\n<p>Iesak\u0101m Jums periodiski iepaz\u012bties ar \u0161o priv\u0101tuma politiku, lai sekotu l\u012bdzi groz\u012bjumiem. Groz\u012bjumi priv\u0101tuma politik\u0101 st\u0101jas sp\u0113k\u0101, kop\u0161 public\u0113\u0161anas br\u012b\u017ea \u0161aj\u0101 lap\u0101.<\/p>\n<h2>Kontakti:<\/h2>\n<p>Gad\u012bjum\u0101, ja Jums rodas jaut\u0101jumi par priv\u0101tuma politiku, l\u016bdzu, sazinieties ar mums pa e-pastu: <a href=\"mailto:prokapital@prokapital.com\"><u>prokapital@prokapital.com<\/u><\/a><\/p>\n","protected":false},"excerpt":{"rendered":"<p>Sp\u0113k\u0101 kop\u0161: 04.07.2018. AS Pro Kapital Grupp (\u201cm\u0113s\u201d vai \u201cuz\u0146\u0113mums\u201d, vai \u201cPKG\u201d) oper\u0113 http:\/\/prokapital.com\/ t\u012bmek\u013ca lapu (\u201cPakalpojumu\u201d). Ar \u0161o, laik\u0101, kad izmantojat m\u016bsu Pakalpojumu, inform\u0113jam par J\u016bsu personas datu iev\u0101k\u0161anas, izmanto\u0161anas un publisko\u0161anas politiku. Izmantojam J\u016bsu datus, lai sniegtu Jums [&hellip;]<\/p>\n","protected":false},"author":1,"featured_media":0,"parent":0,"menu_order":67,"comment_status":"closed","ping_status":"closed","template":"","meta":{"_acf_changed":false,"footnotes":""},"class_list":["post-4184","page","type-page","status-publish","hentry"],"acf":[],"_links":{"self":[{"href":"https:\/\/www.prokapital.com\/lv\/wp-json\/wp\/v2\/pages\/4184","targetHints":{"allow":["GET"]}}],"collection":[{"href":"https:\/\/www.prokapital.com\/lv\/wp-json\/wp\/v2\/pages"}],"about":[{"href":"https:\/\/www.prokapital.com\/lv\/wp-json\/wp\/v2\/types\/page"}],"author":[{"embeddable":true,"href":"https:\/\/www.prokapital.com\/lv\/wp-json\/wp\/v2\/users\/1"}],"replies":[{"embeddable":true,"href":"https:\/\/www.prokapital.com\/lv\/wp-json\/wp\/v2\/comments?post=4184"}],"version-history":[{"count":3,"href":"https:\/\/www.prokapital.com\/lv\/wp-json\/wp\/v2\/pages\/4184\/revisions"}],"predecessor-version":[{"id":4204,"href":"https:\/\/www.prokapital.com\/lv\/wp-json\/wp\/v2\/pages\/4184\/revisions\/4204"}],"wp:attachment":[{"href":"https:\/\/www.prokapital.com\/lv\/wp-json\/wp\/v2\/media?parent=4184"}],"curies":[{"name":"wp","href":"https:\/\/api.w.org\/{rel}","templated":true}]}}