{"id":969,"date":"2017-09-26T14:22:37","date_gmt":"2017-09-26T14:22:37","guid":{"rendered":"http:\/\/www.prokapital.com\/shareholder\/?lang=lt"},"modified":"2026-04-24T08:26:15","modified_gmt":"2026-04-24T08:26:15","slug":"shareholder","status":"publish","type":"page","link":"https:\/\/www.prokapital.com\/lt\/shareholder\/","title":{"rendered":"Akcininkas"},"content":{"rendered":"<p>Did\u017eiausi AS \u201ePro Kapital Grupp\u201c akcininkai yra Ernesto Preatoni ir su juo susij\u0119 asmenys. Remiantis AS \u201ePro Kapital Grupp\u201c turima informacija, 2026 m. kovo 31 d. Ernesto Preatoni ir su juo susij\u0119 asmenys kontroliuoja 49,87 proc. AS \u201ePro Kapital Grupp\u201c akcij\u0173.<\/p>\n<ol>\n<li>5\u00a0590\u00a0639 akcijos, sudaran\u010dios 9,86\u00a0proc. vis\u0173 Bendrov\u0117s akcij\u0173, priklauso Ernesto Preatoni kontroliuojamai Estijos \u012fmonei O\u00dc \u201eSvalbork Invest\u201c;<\/li>\n<li>11\u00a0376\u00a0645 akcijos, sudaran\u010dios 20,05\u00a0proc. vis\u0173 Bendrov\u0117s akcij\u0173, valdomos per \u201ePreatoni Group\u201c nominali\u0105j\u0105 s\u0105skait\u0105 \u201eGonet\u201c banke;<\/li>\n<li>10\u00a0700\u00a0000 akcij\u0173, sudaran\u010di\u0173 18,88\u00a0proc. vis\u0173 Bendrov\u0117s akcij\u0173, valdomos per \u201ePreatoni Group\u201c nominali\u0105j\u0105 s\u0105skait\u0105 \u201eCA Indosuez Wealth\u201c;<\/li>\n<li>458\u00a0637 akcijos, sudaran\u010dios 0,81\u00a0proc. vis\u0173 Bendrov\u0117s akcij\u0173, valdomos per \u201ePreatoni Group\u201c nominali\u0105j\u0105 s\u0105skait\u0105 \u201eBanca Stato\u201c;<\/li>\n<li>143\u00a0000 akcij\u0173, sudaran\u010di\u0173 0,25\u00a0proc. vis\u0173 Bendrov\u0117s akcij\u0173, valdomos per Ernesto Preatoni nominali\u0105j\u0105 s\u0105skait\u0105 \u201eGonet\u201c banke.<\/li>\n<\/ol>\n","protected":false},"excerpt":{"rendered":"<p>Did\u017eiausi AS \u201ePro Kapital Grupp\u201c akcininkai yra Ernesto Preatoni ir su juo susij\u0119 asmenys. Remiantis AS \u201ePro Kapital Grupp\u201c turima informacija, 2026 m. kovo 31 d. Ernesto Preatoni ir su juo susij\u0119 asmenys kontroliuoja 49,87 proc. AS \u201ePro Kapital Grupp\u201c [&hellip;]<\/p>\n","protected":false},"author":1,"featured_media":0,"parent":0,"menu_order":87,"comment_status":"closed","ping_status":"closed","template":"page-templates\/tpl-shareholders.php","meta":{"_acf_changed":false,"footnotes":""},"class_list":["post-969","page","type-page","status-publish","hentry"],"acf":[],"_links":{"self":[{"href":"https:\/\/www.prokapital.com\/lt\/wp-json\/wp\/v2\/pages\/969","targetHints":{"allow":["GET"]}}],"collection":[{"href":"https:\/\/www.prokapital.com\/lt\/wp-json\/wp\/v2\/pages"}],"about":[{"href":"https:\/\/www.prokapital.com\/lt\/wp-json\/wp\/v2\/types\/page"}],"author":[{"embeddable":true,"href":"https:\/\/www.prokapital.com\/lt\/wp-json\/wp\/v2\/users\/1"}],"replies":[{"embeddable":true,"href":"https:\/\/www.prokapital.com\/lt\/wp-json\/wp\/v2\/comments?post=969"}],"version-history":[{"count":79,"href":"https:\/\/www.prokapital.com\/lt\/wp-json\/wp\/v2\/pages\/969\/revisions"}],"predecessor-version":[{"id":11760,"href":"https:\/\/www.prokapital.com\/lt\/wp-json\/wp\/v2\/pages\/969\/revisions\/11760"}],"wp:attachment":[{"href":"https:\/\/www.prokapital.com\/lt\/wp-json\/wp\/v2\/media?parent=969"}],"curies":[{"name":"wp","href":"https:\/\/api.w.org\/{rel}","templated":true}]}}