{"id":845,"date":"2017-10-03T13:00:40","date_gmt":"2017-10-03T13:00:40","guid":{"rendered":"http:\/\/www.prokapital.com\/audit-commitee\/?lang=lt"},"modified":"2023-11-30T13:41:09","modified_gmt":"2023-11-30T13:41:09","slug":"audit-commitee","status":"publish","type":"page","link":"https:\/\/www.prokapital.com\/lt\/audit-commitee\/","title":{"rendered":"Audito ir Darbo u\u017emokes\u010dio komitetai"},"content":{"rendered":"<p>Audito komitetas yra AS \u201ePro Kapital Grupp\u201c tarybos patariamasis organas apskaitos vedimo, audito kontrol\u0117s, rizikos valdymo, vidaus kontrol\u0117s ir audito, prie\u017ei\u016bros vykdymo, biud\u017eeto sudarymo bei veiklos teis\u0117tumo srityse.<\/p>\n<p>Audito komiteto u\u017edavinys yra steb\u0117ti ir analizuoti:<br \/>\n1) finansin\u0117s informacijos apdorojim\u0105;<br \/>\n2) rizikos valdymo ir vidaus kontrol\u0117s efektyvum\u0105;<br \/>\n3) finansin\u0117s atskaitomyb\u0117s ar konsoliduotos ataskaitos audito kontrol\u0117s proces\u0105;<br \/>\n4) audito \u012fmon\u0117s ir \u012fstatym\u0173 numatyto auditoriaus, atstovaujan\u010dio audito \u012fmonei, nepriklausomum\u0105 ir veiklos atitikt\u012f kitiems audito veiklos \u012fstatymo reikalavimams.<\/p>\n<p>Audito komiteto \u012fsipareigojimas yra AS \u201ePro Kapital Grupp\u201c patarti ir teikti pasi\u016blymus bent d\u0117l \u0161i\u0173 klausim\u0173:<br \/>\n1) audito \u012fmon\u0117s paskyrimo ir at\u0161aukimo;<br \/>\n2) vidaus auditoriaus paskyrimo ir at\u0161aukimo;<br \/>\n3) problem\u0173 sprendimo ir neefektyvaus, neveiksmingo darbo \u0161alinimo \u012fmon\u0117je;<br \/>\n4) steb\u0117jimo, kad veikla atitikt\u0173 teis\u0117s aktus ir profesin\u0117s veiklos reikalavimus.<\/p>\n<h2>Darbo atlyginimo komisija<\/h2>\n<hr \/>\n<p>Taryba sudar\u0117 darbo atlyginimo komisij\u0105. Nuo 2023 m. lapkri\u010dio m\u0117n Atlyginim\u0173 komitete yra toliau i\u0161vardinti nariai: Giovanni Bozzetti (Tarybos narys) ir Oscar Crameri (Tarybos narys nuo 2020 met\u0173 gegu\u017e\u0117s m\u0117nesio 27 dienos).<\/p>\n<p>Tai patariamasis tarybos organas, kuris u\u017esiima bendrov\u0117s valdybos nari\u0173, taip pat dukterini\u0173 bendrovi\u0173 vadovaujan\u010di\u0173j\u0173 darbuotoj\u0173 paskyrimu ir darbo atlyginimo jiems nustatymu. Komisija buvo sudaryta siekiant palengvinti ir koordinuoti subalansuotos, kvalifikuotos tarybos bei valdybos nari\u0173 paie\u0161k\u0105, atsi\u017evelgiant \u012f konkre\u010di\u0105 bendrov\u0117s specifik\u0105 ir poreikius, ie\u0161kant atitinkam\u0173 potenciali\u0173 kandidat\u0173, ir tokiu b\u016bdu pad\u0117ti akcininkams informuotai \u012fvertinti kiekvieno kandidato \u012f tarybos narius \u012fg\u016bd\u017eius bei tinkamum\u0105, tuo pa\u010diu pateikiant tarybos nariams kandidat\u0173 \u012f valdybos narius \u012fvertinimus. Komisijos kompetencijai priklauso taip pat kasmetini\u0173 \u012fmon\u0117s valdymo rezultat\u0173 vertinimo eigoje steb\u0117ti, kad valdybos nari\u0173 darbo atlyginimas atitikt\u0173 \u012fmon\u0117s veiklos rezultatus.<\/p>\n","protected":false},"excerpt":{"rendered":"<p>Audito komitetas yra AS \u201ePro Kapital Grupp\u201c tarybos patariamasis organas apskaitos vedimo, audito kontrol\u0117s, rizikos valdymo, vidaus kontrol\u0117s ir audito, prie\u017ei\u016bros vykdymo, biud\u017eeto sudarymo bei veiklos teis\u0117tumo srityse. Audito komiteto u\u017edavinys yra steb\u0117ti ir analizuoti: 1) finansin\u0117s informacijos apdorojim\u0105; 2) [&hellip;]<\/p>\n","protected":false},"author":1,"featured_media":0,"parent":0,"menu_order":12,"comment_status":"closed","ping_status":"closed","template":"page-templates\/tpl-audit-commitee.php","meta":{"_acf_changed":false,"footnotes":""},"class_list":["post-845","page","type-page","status-publish","hentry"],"acf":[],"_links":{"self":[{"href":"https:\/\/www.prokapital.com\/lt\/wp-json\/wp\/v2\/pages\/845","targetHints":{"allow":["GET"]}}],"collection":[{"href":"https:\/\/www.prokapital.com\/lt\/wp-json\/wp\/v2\/pages"}],"about":[{"href":"https:\/\/www.prokapital.com\/lt\/wp-json\/wp\/v2\/types\/page"}],"author":[{"embeddable":true,"href":"https:\/\/www.prokapital.com\/lt\/wp-json\/wp\/v2\/users\/1"}],"replies":[{"embeddable":true,"href":"https:\/\/www.prokapital.com\/lt\/wp-json\/wp\/v2\/comments?post=845"}],"version-history":[{"count":12,"href":"https:\/\/www.prokapital.com\/lt\/wp-json\/wp\/v2\/pages\/845\/revisions"}],"predecessor-version":[{"id":10136,"href":"https:\/\/www.prokapital.com\/lt\/wp-json\/wp\/v2\/pages\/845\/revisions\/10136"}],"wp:attachment":[{"href":"https:\/\/www.prokapital.com\/lt\/wp-json\/wp\/v2\/media?parent=845"}],"curies":[{"name":"wp","href":"https:\/\/api.w.org\/{rel}","templated":true}]}}