{"id":432,"date":"2017-09-25T12:38:38","date_gmt":"2017-09-25T12:38:38","guid":{"rendered":"http:\/\/www.prokapital.com\/overview\/?lang=lt"},"modified":"2024-05-21T12:31:46","modified_gmt":"2024-05-21T12:31:46","slug":"overview","status":"publish","type":"page","link":"https:\/\/www.prokapital.com\/lt\/overview\/","title":{"rendered":"Ap\u017evalga"},"content":{"rendered":"<p>\u201ePro Kapital Grupp\u201c yra pirmaujanti Estijos nekilnojamojo turto pl\u0117tros \u012fmon\u0117, u\u017esiimanti moderni\u0173 didelio masto verslo ir gyvenam\u0173j\u0173 nam\u0173 nekilnojamojo turto projekt\u0173 pl\u0117tra Estijos, Latvijos ir Lietuvos sostin\u0117se.<\/p>\n<p>Nuo \u201ePro Kapital\u201c \u012fsteigimo 1994 m. \u012fmon\u0117 \u012fgyvendino daugiau nei\u00a020 pl\u0117tros projekt\u0173, kuri\u0173 bendrasis parduodamas plotas \u2013 daugiau nei 250 000 kvadratini\u0173 metr\u0173. \u201ePro Kapital\u201c projektai yra vieni \u017eymiausi\u0173 Baltijos \u0161ali\u0173 nekilnojamojo turto pl\u0117tros sektoriuje.<\/p>\n<p>Kasdien \u201ePro Kapital\u201c pastatytuose pastatuose atsibunda, dirba, apsiperka ar pietauja \u0161imtai t\u016bkstan\u010di\u0173 \u017emoni\u0173.<\/p>\n<p>\u012emon\u0119 valdo patyrusi nekilnojamojo turto ekspert\u0173 komanda, turinti daugiau nei 20 met\u0173 patirt\u012f Baltijos \u0161ali\u0173 nekilnojamojo turto pl\u0117tros srityje.<\/p>\n<p>2018 m. pabaigoje bendrov\u0117 \u201ePro Kapital\u201c\u00a0\u00a0u\u017edirbo 28 mln. eur\u0173 gryn\u0173j\u0173 pajam\u0173 ir 18 mln. eur\u0173 grynojo pelno, o\u00a0Estijoje, Latvijoje, Lietuvoje ir Vokietijoje dirbo 89 darbuotojas.<\/p>\n<p>Nuo 2012 m. lapkri\u010dio 23 d.\u00a0AS \u201ePro Kapital Grupp\u201c akcijos buvo \u012ftrauktos \u012f Nasdaq Talino vertybini\u0173 popieri\u0173 bir\u017eos Papildom\u0105 s\u0105ra\u0161\u0105, o \u00a0nuo 2018 m. Lapkri\u010dio 19 d. m\u016bs\u0173 akcijomis prekiaujama Nasdaq Talino vertybini\u0173 popieri\u0173 bir\u017eos Oficialiajame s\u0105ra\u0161e.<\/p>\n","protected":false},"excerpt":{"rendered":"<p>\u201ePro Kapital Grupp\u201c yra pirmaujanti Estijos nekilnojamojo turto pl\u0117tros \u012fmon\u0117, u\u017esiimanti moderni\u0173 didelio masto verslo ir gyvenam\u0173j\u0173 nam\u0173 nekilnojamojo turto projekt\u0173 pl\u0117tra Estijos, Latvijos ir Lietuvos sostin\u0117se. Nuo \u201ePro Kapital\u201c \u012fsteigimo 1994 m. \u012fmon\u0117 \u012fgyvendino daugiau nei\u00a020 pl\u0117tros projekt\u0173, kuri\u0173 [&hellip;]<\/p>\n","protected":false},"author":1,"featured_media":9900,"parent":0,"menu_order":53,"comment_status":"closed","ping_status":"closed","template":"page-templates\/tpl-overview.php","meta":{"_acf_changed":false,"footnotes":""},"class_list":["post-432","page","type-page","status-publish","has-post-thumbnail","hentry"],"acf":[],"_links":{"self":[{"href":"https:\/\/www.prokapital.com\/lt\/wp-json\/wp\/v2\/pages\/432","targetHints":{"allow":["GET"]}}],"collection":[{"href":"https:\/\/www.prokapital.com\/lt\/wp-json\/wp\/v2\/pages"}],"about":[{"href":"https:\/\/www.prokapital.com\/lt\/wp-json\/wp\/v2\/types\/page"}],"author":[{"embeddable":true,"href":"https:\/\/www.prokapital.com\/lt\/wp-json\/wp\/v2\/users\/1"}],"replies":[{"embeddable":true,"href":"https:\/\/www.prokapital.com\/lt\/wp-json\/wp\/v2\/comments?post=432"}],"version-history":[{"count":26,"href":"https:\/\/www.prokapital.com\/lt\/wp-json\/wp\/v2\/pages\/432\/revisions"}],"predecessor-version":[{"id":10781,"href":"https:\/\/www.prokapital.com\/lt\/wp-json\/wp\/v2\/pages\/432\/revisions\/10781"}],"wp:featuredmedia":[{"embeddable":true,"href":"https:\/\/www.prokapital.com\/lt\/wp-json\/wp\/v2\/media\/9900"}],"wp:attachment":[{"href":"https:\/\/www.prokapital.com\/lt\/wp-json\/wp\/v2\/media?parent=432"}],"curies":[{"name":"wp","href":"https:\/\/api.w.org\/{rel}","templated":true}]}}