{"id":967,"date":"2017-09-26T14:22:37","date_gmt":"2017-09-26T14:22:37","guid":{"rendered":"http:\/\/www.prokapital.com\/shareholder\/?lang=et"},"modified":"2026-04-09T14:20:33","modified_gmt":"2026-04-09T14:20:33","slug":"shareholder","status":"publish","type":"page","link":"https:\/\/www.prokapital.com\/et\/shareholder\/","title":{"rendered":"Aktsion\u00e4r"},"content":{"rendered":"<p>AS Pro Kapitali suurimad osanikud on Ernesto Preatoni ja tema sidus\u00fcksused. Vastavalt AS Pro Kapital Gruppi k\u00e4sutuses olevale informatsioonile kuulub Ernesto Preatonile ja tema sidus\u00fcksustele 31.03.2026 seisuga 49,86% AS Pro Kapital Grupp aktsiatest.<\/p>\n<ol>\n<li>O\u00dc Svalbork Invest, Ernesto Preatoni valduses olev Eesti ettev\u00f5te, millele kuulub 5 590 639 aktsiat ehk 9.86% ettev\u00f5tte aktsiatest;<\/li>\n<li>11 376 645 aktsiat ehk 20,05% ettev\u00f5tte aktsiatest, mida hoitakse SA Preatoni Group nimel Gonet Bank esindajakonto kaudu;<\/li>\n<li>10 700 000 aktsiat ehk 18,88% ettev\u00f5tte aktsiatest, mida hoitakse SA Preatoni Group nimel CA Indosuez Wealth esindajakonto kaudu;<\/li>\n<li>458 637 aktsiat ehk 0,81% ettev\u00f5tte aktsiatest, mida hoitakse SA Preatoni Group nimel Banca Stato esindajakonto kaudu;<\/li>\n<li>143 000 aktsiat ehk 0,25% ettev\u00f5tte aktsiatest, mida hoitakse hr Ernesto Preatoni nimel Gonet Bank esindajakonto kaudu.<\/li>\n<\/ol>\n","protected":false},"excerpt":{"rendered":"<p>AS Pro Kapitali suurimad osanikud on Ernesto Preatoni ja tema sidus\u00fcksused. Vastavalt AS Pro Kapital Gruppi k\u00e4sutuses olevale informatsioonile kuulub Ernesto Preatonile ja tema sidus\u00fcksustele 31.03.2026 seisuga 49,86% AS Pro Kapital Grupp aktsiatest. O\u00dc Svalbork Invest, Ernesto Preatoni valduses olev [&hellip;]<\/p>\n","protected":false},"author":1,"featured_media":0,"parent":0,"menu_order":87,"comment_status":"closed","ping_status":"closed","template":"page-templates\/tpl-shareholders.php","meta":{"_acf_changed":false,"footnotes":""},"class_list":["post-967","page","type-page","status-publish","hentry"],"acf":[],"_links":{"self":[{"href":"https:\/\/www.prokapital.com\/et\/wp-json\/wp\/v2\/pages\/967","targetHints":{"allow":["GET"]}}],"collection":[{"href":"https:\/\/www.prokapital.com\/et\/wp-json\/wp\/v2\/pages"}],"about":[{"href":"https:\/\/www.prokapital.com\/et\/wp-json\/wp\/v2\/types\/page"}],"author":[{"embeddable":true,"href":"https:\/\/www.prokapital.com\/et\/wp-json\/wp\/v2\/users\/1"}],"replies":[{"embeddable":true,"href":"https:\/\/www.prokapital.com\/et\/wp-json\/wp\/v2\/comments?post=967"}],"version-history":[{"count":100,"href":"https:\/\/www.prokapital.com\/et\/wp-json\/wp\/v2\/pages\/967\/revisions"}],"predecessor-version":[{"id":11712,"href":"https:\/\/www.prokapital.com\/et\/wp-json\/wp\/v2\/pages\/967\/revisions\/11712"}],"wp:attachment":[{"href":"https:\/\/www.prokapital.com\/et\/wp-json\/wp\/v2\/media?parent=967"}],"curies":[{"name":"wp","href":"https:\/\/api.w.org\/{rel}","templated":true}]}}