{"id":843,"date":"2017-10-03T13:00:40","date_gmt":"2017-10-03T13:00:40","guid":{"rendered":"http:\/\/www.prokapital.com\/audit-commitee\/?lang=et"},"modified":"2023-11-30T13:37:07","modified_gmt":"2023-11-30T13:37:07","slug":"audit-commitee","status":"publish","type":"page","link":"https:\/\/www.prokapital.com\/et\/audit-commitee\/","title":{"rendered":"Auditi ja Tasustamise komiteed"},"content":{"rendered":"<h2>Auditikomitee<\/h2>\n<p>Auditikomitee on AS Pro Kapital Grupp n\u00f5ukogule n\u00f5u andev organ raamatupidamise, audiitorkontrolli, riskijuhtimise, sisekontrolli ja -auditeerimise, j\u00e4relevalve teostamise ja eelarve koostamise valdkonnas ning tegevuse seaduslikkuse osas.<\/p>\n<p>Auditikomitee \u00fclesanne on j\u00e4lgida ja anal\u00fc\u00fcsida:<br \/>\n1) rahandusinformatsiooni t\u00f6\u00f6tlemist;<br \/>\n2) riskijuhtimise ja sisekontrolli t\u00f5husust;<br \/>\n3) raamatupidamise aastaaruande v\u00f5i konsolideeritud aruande audiitorkontrolli protsessi;<br \/>\n4) audiitorettev\u00f5tja ja seaduse alusel audiitor\u00fchingut esindava vandeaudiitori s\u00f5ltumatust ja tegevuse vastavust teistele audiitortegevuse seaduse n\u00f5uetele.<\/p>\n<p>Auditikomitee kohustuseks anda AS Pro Kapital Grupp n\u00f5ukogule soovitusi ja teha ettepanekuid v\u00e4hemalt j\u00e4rgmistes k\u00fcsimustes:<br \/>\n1) audiitorettev\u00f5tja nimetamine v\u00f5i tagasikutsumine;<br \/>\n2) siseaudiitori nimetamine v\u00f5i tagasikutsumine;<br \/>\n3) probleemide ja ebat\u00f5hususe v\u00e4ltimine v\u00f5i k\u00f5rvaldamine organisatsioonis;<br \/>\n4) vastavus \u00f5igusaktidele ja kutsetegevuse heale tavale.<\/p>\n<h2>Tasustamise komisjon<\/h2>\n<hr \/>\n<p>N\u00f5ukogu moodustas t\u00f6\u00f6tasu komisjoni. Alates novembrist 2023 on tasustamise komisjoni liikmeteks Giovanni Bozzetti (n\u00f5ukogu liige) ja Oscar Crameri (n\u00f5ukogu liige alates 27. maist 2020).<\/p>\n<p>Tegemist on n\u00f5ukogu n\u00f5uandva koguga, mis tegeleb ettev\u00f5tte juhatuse liikmete ning \u00fchtlasi ka t\u00fctarettev\u00f5tete juhtivt\u00f6\u00f6tajate m\u00e4\u00e4ramise ja t\u00f6\u00f6tasudega. Komisjon moodustati eesm\u00e4rgiga h\u00f5lbustada ja koordineerida tasakaalustatud ja kvalifitseeritud n\u00f5ukogu ja juhatuse liikmete otsinguid vastavalt ettev\u00f5tte konkreetsele profiilile ja vajadustele, et leida vastavad potentsiaalsed kandidaadid ning seel\u00e4bi v\u00f5imaldada aktsion\u00e4ridel anda informeeritud hinnang iga n\u00f5ukogu liikme kandidaadi oskustele ja sobivusele ning \u00fchtlasi ka n\u00f5ukogu liikmetel anda hinnang juhatuse liikme kandidaatidele. Komisjoni p\u00e4devuses on ka ettev\u00f5tte iga-aastase juhtimistulemuste hindamise k\u00e4igus j\u00e4lgida, et juhatuse t\u00f6\u00f6tasu ja ettev\u00f5tte tulemused oleksid vastavuses.<\/p>\n","protected":false},"excerpt":{"rendered":"<p>Auditikomitee Auditikomitee on AS Pro Kapital Grupp n\u00f5ukogule n\u00f5u andev organ raamatupidamise, audiitorkontrolli, riskijuhtimise, sisekontrolli ja -auditeerimise, j\u00e4relevalve teostamise ja eelarve koostamise valdkonnas ning tegevuse seaduslikkuse osas. Auditikomitee \u00fclesanne on j\u00e4lgida ja anal\u00fc\u00fcsida: 1) rahandusinformatsiooni t\u00f6\u00f6tlemist; 2) riskijuhtimise ja sisekontrolli [&hellip;]<\/p>\n","protected":false},"author":1,"featured_media":0,"parent":0,"menu_order":12,"comment_status":"closed","ping_status":"closed","template":"page-templates\/tpl-audit-commitee.php","meta":{"_acf_changed":false,"footnotes":""},"class_list":["post-843","page","type-page","status-publish","hentry"],"acf":[],"_links":{"self":[{"href":"https:\/\/www.prokapital.com\/et\/wp-json\/wp\/v2\/pages\/843","targetHints":{"allow":["GET"]}}],"collection":[{"href":"https:\/\/www.prokapital.com\/et\/wp-json\/wp\/v2\/pages"}],"about":[{"href":"https:\/\/www.prokapital.com\/et\/wp-json\/wp\/v2\/types\/page"}],"author":[{"embeddable":true,"href":"https:\/\/www.prokapital.com\/et\/wp-json\/wp\/v2\/users\/1"}],"replies":[{"embeddable":true,"href":"https:\/\/www.prokapital.com\/et\/wp-json\/wp\/v2\/comments?post=843"}],"version-history":[{"count":17,"href":"https:\/\/www.prokapital.com\/et\/wp-json\/wp\/v2\/pages\/843\/revisions"}],"predecessor-version":[{"id":10132,"href":"https:\/\/www.prokapital.com\/et\/wp-json\/wp\/v2\/pages\/843\/revisions\/10132"}],"wp:attachment":[{"href":"https:\/\/www.prokapital.com\/et\/wp-json\/wp\/v2\/media?parent=843"}],"curies":[{"name":"wp","href":"https:\/\/api.w.org\/{rel}","templated":true}]}}