{"id":430,"date":"2017-09-25T12:38:38","date_gmt":"2017-09-25T12:38:38","guid":{"rendered":"http:\/\/www.prokapital.com\/overview\/?lang=et"},"modified":"2024-05-21T12:32:11","modified_gmt":"2024-05-21T12:32:11","slug":"overview","status":"publish","type":"page","link":"https:\/\/www.prokapital.com\/et\/overview\/","title":{"rendered":"Ettev\u00f5ttest"},"content":{"rendered":"<p>Pro Kapital Grupp on \u00fcks vanimaid ja suuremaid kinnisvaraarendajaid Baltikumis. Arendame terveid piirkondi \u00fches \u00fcmbritseva taristu ja avaliku ruumiga parimates asukohtades Tallinnas, Riias ja Vilniuses.<\/p>\n<p>Meie t\u00f6\u00f6 kujundab linnapilti ja m\u00f5jutab m\u00e4rkimisv\u00e4\u00e4rselt inimeste elukvaliteeti ning \u00fcmbritsevat keskkonda. Iga arendusprojekt on eriline &#8211; sellel on oma lugu, keskkond, milles see asub, ja inimesed, kellele see piirkond on m\u00f5eldud. Keskseks ideeks on turvaline, funktsionaalne ja kaasaegne keskkond, mis kestab kaua ja rikastab linnaruumi, s\u00e4ilitades ja kasvatades selle v\u00e4\u00e4rtust.<\/p>\n<p>Lisaks t\u00f6\u00f6le Baltimaade kaunites pealinnades omame ja haldame hotelli Frankfurdi l\u00e4hedal v\u00e4ikeses Saksamaa linnas Bad Kreuznach. Hotelli ning selle v\u00f5rratu \u00fcmbruskonnaga saab tutvuda <a href=\"https:\/\/www.parkhotelkurhaus.com\/en\/parkhotel-wellness-hotel-in-bad-kreuznach\" target=\"_blank\" rel=\"noopener noreferrer\">siin<\/a>.<\/p>\n<p>AS Pro Kapital Grupp aktsiad aktsiad noteeritud Nasdaq Tallinn b\u00f6rsi p\u00f5hinimekirjas.<\/p>\n","protected":false},"excerpt":{"rendered":"<p>Pro Kapital Grupp on \u00fcks vanimaid ja suuremaid kinnisvaraarendajaid Baltikumis. Arendame terveid piirkondi \u00fches \u00fcmbritseva taristu ja avaliku ruumiga parimates asukohtades Tallinnas, Riias ja Vilniuses. Meie t\u00f6\u00f6 kujundab linnapilti ja m\u00f5jutab m\u00e4rkimisv\u00e4\u00e4rselt inimeste elukvaliteeti ning \u00fcmbritsevat keskkonda. Iga arendusprojekt on [&hellip;]<\/p>\n","protected":false},"author":1,"featured_media":9897,"parent":0,"menu_order":53,"comment_status":"closed","ping_status":"closed","template":"page-templates\/tpl-overview.php","meta":{"_acf_changed":false,"footnotes":""},"class_list":["post-430","page","type-page","status-publish","has-post-thumbnail","hentry"],"acf":[],"_links":{"self":[{"href":"https:\/\/www.prokapital.com\/et\/wp-json\/wp\/v2\/pages\/430","targetHints":{"allow":["GET"]}}],"collection":[{"href":"https:\/\/www.prokapital.com\/et\/wp-json\/wp\/v2\/pages"}],"about":[{"href":"https:\/\/www.prokapital.com\/et\/wp-json\/wp\/v2\/types\/page"}],"author":[{"embeddable":true,"href":"https:\/\/www.prokapital.com\/et\/wp-json\/wp\/v2\/users\/1"}],"replies":[{"embeddable":true,"href":"https:\/\/www.prokapital.com\/et\/wp-json\/wp\/v2\/comments?post=430"}],"version-history":[{"count":29,"href":"https:\/\/www.prokapital.com\/et\/wp-json\/wp\/v2\/pages\/430\/revisions"}],"predecessor-version":[{"id":10783,"href":"https:\/\/www.prokapital.com\/et\/wp-json\/wp\/v2\/pages\/430\/revisions\/10783"}],"wp:featuredmedia":[{"embeddable":true,"href":"https:\/\/www.prokapital.com\/et\/wp-json\/wp\/v2\/media\/9897"}],"wp:attachment":[{"href":"https:\/\/www.prokapital.com\/et\/wp-json\/wp\/v2\/media?parent=430"}],"curies":[{"name":"wp","href":"https:\/\/api.w.org\/{rel}","templated":true}]}}