{"id":4179,"date":"2018-07-10T14:17:03","date_gmt":"2018-07-10T14:17:03","guid":{"rendered":"http:\/\/www.prokapital.com\/?page_id=4179&#038;lang=et"},"modified":"2018-07-10T14:27:51","modified_gmt":"2018-07-10T14:27:51","slug":"privaatsuspoliitika","status":"publish","type":"page","link":"https:\/\/www.prokapital.com\/et\/privaatsuspoliitika\/","title":{"rendered":"Privaatsuspoliitika"},"content":{"rendered":"<p>Kehtiv alates: 04.07.2018<\/p>\n<p>AS Pro Kapital Grupp (&#8220;meie&#8221; v\u00f5i &#8220;ettev\u00f5te&#8221; v\u00f5i &#8220;PKG&#8221;) opereerib http:\/\/prokapital.com\/ veebilehte (&#8220;Teenus&#8221;).<\/p>\n<p>K\u00e4esolevaga informeerime Teid meie Teenuse kasutamisel Teie isikuandmete andmete kogumise, kasutamise ja avaldamise poliitikast.<\/p>\n<p>Kasutame Teie andmeid, et Teile Teenust osutada ja seda parendada. Meie Teenuse kasutamisega olete n\u00f5ustunud, et kogume ja kasutame Teie andmeid vastavalt k\u00e4esolevale poliitikale.<\/p>\n<h2>Andmete kogumine ja kasutamine<\/h2>\n<p>Kogume erinevat liiki informatsiooni selleks, et osutada ja parandada oma Teenust.<\/p>\n<h3>Kogutavate andmete liigid<\/h3>\n<h4>Isiklikud andmed<\/h4>\n<p>Meie Teenuse kasutamisel v\u00f5ime me k\u00fcsida Teilt teatud isiklikku laadi Teid identifitseerivat informatsiooni, mida v\u00f5ime kasutada et Teiega \u00fchendust v\u00f5tta v\u00f5i teid identifitseerida (\u201cIsiklikud andmed\u201d). Isiklik, identifitseeritav informatsioon v\u00f5ib olla ning ei pruugi piirduda j\u00e4rgmisega:<\/p>\n<ul>\n<li>Teie e-posti aadress<\/li>\n<li>Teie eesnimi ja perenimi<\/li>\n<li>Teie telefoni number<\/li>\n<li>Teie aadress, linna\/k\u00fcla, maakond, postiindeks<\/li>\n<li>K\u00fcpsised ja kasutusandmed<\/li>\n<\/ul>\n<h4>Kasutusandmed<\/h4>\n<p>Me v\u00f5ime koguda informatsiooni selle kohta, kuidas Teenusele ligi p\u00e4\u00e4setakse ja kasutatakse (\u201cKasutusandmed\u201d). Kasutusandmed v\u00f5ivad sisaldada informatsiooni nagu Teie arvuti IP aadress, brauseri t\u00fc\u00fcp, brauseri versioon, Teie poolt k\u00fclastatavad meie Teenuse veebilehed, Teie k\u00fclastuse aeg ja kuup\u00e4ev, kui kaua aega Te neil lehtedel veedate, unikaalsed riistvara identifikaatorid ja muud diagnostilised andmed.<\/p>\n<h4>K\u00fcpsised<\/h4>\n<p>Meie Teenuse veebilehed kasutavad k\u00fcpsised et j\u00e4lgida meie Teenuse kasutamise aktiivsust ja et teatud informatsiooni s\u00e4ilitada.<\/p>\n<p>K\u00fcpsised on v\u00e4ikese andme mahuga failid, mis v\u00f5ivad sisaldada anon\u00fc\u00fcmset unikaalset identifikaatorit. K\u00fcpsised saadetakse Teie brauserisse veebilehelt ja neid s\u00e4ilitatakse Teie riistvaral. Neid kasutatakse Teenuse parendamiseks.<\/p>\n<p>V\u00f5ite anda oma brauserile k\u00e4su keelduda k\u00fcpsistest v\u00f5i anda Teile teada, kui k\u00fcpsiseid saadetakse. Juhul, kui Te k\u00fcpsiseid vastu ei v\u00f5ta, siis ei pruugi Teil olla v\u00f5imalik teatud osa meie Teenusest kasutada.<\/p>\n<p>Meie poolt k\u00fcpsiste kasutamise n\u00e4ited:<\/p>\n<ul>\n<li><b><\/b><strong><b>Kasutuskorra k\u00fcpsised<\/b><\/strong>. Kasutame meie Teenuse opereerimisel kasutuskorra k\u00fcpsiseid igakordsel veebilehe kasutamisel\/k\u00fclastamisel.<\/li>\n<li><b><\/b><strong><b>Eelistuste k\u00fcpsised<\/b><\/strong>. Kasutame neid et j\u00e4tta meelde teie eelistused ja erinevad seadistused.<\/li>\n<li><b><\/b><strong><b>Turvak\u00fcpsised<\/b><\/strong>.<b><\/b>Kasutame turvaeesm\u00e4rkidel turvak\u00fcpsiseid.<\/li>\n<\/ul>\n<h2>Andmete kasutamine<\/h2>\n<p>AS Pro Kapital Grupp ja grupi t\u00fctarettev\u00f5tted kasutavad kogutud andmeid erinevatel eesm\u00e4rkidel:<\/p>\n<ul>\n<li>Teenuse osutamine ja haldamine;<\/li>\n<li>Teie teavitamine meie Teenuses toimunud muudatustest;<\/li>\n<li>Lubame Teil kasutada meie Teenuse interaktiivseid osi, kui Te sellise valiku teete;<\/li>\n<li>Klienditugi;<\/li>\n<li>Informatsiooni anal\u00fc\u00fcs et meie Teenust parendada;<\/li>\n<li>Teenuse kasutamise monitooring;<\/li>\n<li>Tehniliste probleemide avastamine, ennetamine ja k\u00f5rvaldamine.<\/li>\n<\/ul>\n<h2>Andmete \u00fclekandmine<\/h2>\n<p>V\u00f5ime Teie andmeid, sh Teie isiklikke andmeid, \u00fcle kanda \u2013 ja alal hoida \u2013 arvutites, mis on v\u00e4ljaspool Teie elukohta\/linna\/maakonda\/riiki v\u00f5i muud geograafilise asukoha \u00fchikut, mille andmekaitse seadused v\u00f5ivad erineda Teie asukoha seadustest.<\/p>\n<p>Kui asute v\u00e4ljaspool Eesti Vabariiki ja otsustate edastada meile oma informatsiooni, siis palun pidage silmas, et me kanname andmeid, sh Teie isiklikke andmeid \u00fcle Eestisse ja toimetame nendega Eestis.<\/p>\n<p>N\u00f5usoleku ruudu m\u00e4rgistamine koos Teie informatsiooni meile edastamisega t\u00e4hendab, et olete n\u00f5ustunud meie privaatsuspoliitikaga ja oma andmete s\u00e4ilitamise, kasutamise ja \u00fcle kandmisega.<\/p>\n<p>AS Pro Kapital Grupp ja grupi t\u00fctarettev\u00f5tted v\u00f5tavad tarvitusele k\u00f5ik m\u00f5istlikud meetmed, et tagada, et Teie andmed on turvatud, neid s\u00e4ilitatakse ja kasutatakse vastavuses k\u00e4esoleva privaatsuspoliitikaga ning et Teie isiklikke andmeid ei kanta \u00fcle ettev\u00f5ttele v\u00f5i riiki kus puudub andmete, sh isiklike andmete turvamise \u00fcle piisav kontroll.<\/p>\n<h2>Andmete avalikustamine<\/h2>\n<h3>Seaduse n\u00f5uded<\/h3>\n<p>AS Pro Kapital Grupp ja grupi t\u00fctarettev\u00f5tted v\u00f5ivad avalikustada Teie isiklikke andmeid heas usus, kui selline tegevus on vajalik, et:<\/p>\n<ul>\n<li>J\u00e4rgida seadustega kehtestatud n\u00f5udeid;<\/li>\n<li>Kaitsta AS Pro Kapital Grupp ja grupi t\u00fctarettev\u00f5tete vara ja \u00f5igusi;<\/li>\n<li>Ennetada v\u00f5i uurida Teenusega seonduvaid v\u00f5imalikke v\u00e4\u00e4rkasutusi;<\/li>\n<li>Kaitsta Teenuse kasutajate isikuid;<\/li>\n<li>Kaitsta AS-i Pro Kapital Grupp ja grupi t\u00fctarettev\u00f5tteid vastutuse, kahju jm n\u00f5uete eest.<\/li>\n<\/ul>\n<h2>Andmete turvalisus<\/h2>\n<p>Teie andmete turvalisus on meile oluline, kuid palun arvestage, et \u00fckski internet teel \u00fclekandmise v\u00f5i elektroonilise s\u00e4ilitamise meetod ei ole 100% turvaline. Kuigi meie eesm\u00e4rgiks on kasutada \u00fcldise k\u00e4ibes aktsepteeritavaid meetmeid et kaitsta Teie isikuandmeid, ei saa me nende absoluutset turvalisust garanteerida.<\/p>\n<h2>Teenuse osutajad<\/h2>\n<p>Me v\u00f5ime kasutada kolmandaid isikuid ja eraisikuid, et meie nimel Teenust osutada (\u201cTeenuse osutajad\u201d), et osutada Teenusega seonduvaid teenuseid v\u00f5i et abistada meid anal\u00fc\u00fcsiga kuidas meie Teenust kasutatakse.<\/p>\n<p>Sellised kolmandad isikud omavad juurdep\u00e4\u00e4su Teie isiklikule informatsioonile vaid eesm\u00e4rgiga t\u00e4ita meie nimel eelmainitud \u00fclesandeid ning nad on kohustatud neid andmeid mis tahes muul eesm\u00e4rgil mitte avaldama.<\/p>\n<h2>Teiste veebilehtede lingid<\/h2>\n<p>Meie Teenus v\u00f5ib sisaldada linke teistele veebilehtedele, mida meie ei opereeri. Kui Te klikite sellisele lingile, siis juhatatakse Teid sellele teisele veebilehele. Soovitame Teil tungivalt tutvuda iga Teie poolt k\u00fclastatava veebilehe privaatsuspoliitikaga.<\/p>\n<p>Meil puudub kontroll ja me ei vastuta selliste kolmandate isikute veebilehtede, privaatsuspoliitika v\u00f5i praktika, tegevuse ega teenuste eest.<\/p>\n<h2>Laste privaatsus<\/h2>\n<p>Meie Teenus ei ole m\u00f5eldud k\u00f5netama alla 18-aastaseid isikuid (\u201cLapsed\u201d).<\/p>\n<p>Endale teadaolevalt me ei kogu isiklikult identifitseeritavat informatsiooni kelleltki, kes on noorem kui 18 aasta. Juhul, kui olete vanem v\u00f5i eestkostja v\u00f5i hooldaja ja olete teadlik, et Teie Lapsed on meile edastanud isiklikke andmeid, palun v\u00f5tke meiega \u00fchendust. Juhul, kui me ise avastame, et oleme kogunud isiklikke andmeid Lastelt ilma vanemliku n\u00f5usolekuta, siis teeme k\u00f5ik endast oleneva, et see informatsioon meie serveritest kustutada.<\/p>\n<h2>Muudatused k\u00e4esolevas privaatsuspoliitikas<\/h2>\n<p>Aeg-ajalt v\u00f5ime me oma privaatsuspoliitikat muuta. Anname Teile sellest teada, postitades uue privaatsuspoliitika sellel lehel.<\/p>\n<p>Juhul, kui meie privaatsuspoliitikas toimub oluline muutus, siis teavitame Teid emailiga enne kui muudatus j\u00f5ustub ning muudame \u00e4ra ka privaatsuspoliitika kehtivuse kuup\u00e4eva.<\/p>\n<p>Soovitame Teil perioodiliselt tutvuda selle privaatsuspoliitikaga, et j\u00e4lgida muudatusi. Privaatsuspoliitika muudatused j\u00f5ustuvad postitamisest sellel lehel.<\/p>\n<p>Kontakt<\/p>\n<p>Juhul, kui Teil on privaatsuspoliitika kohta k\u00fcsimusi, palun v\u00f5tke meiega \u00fchendust e-posti teel: <a href=\"mailto:prokapital@prokapital.com\"><u>prokapital@prokapital.com<\/u><\/a><\/p>\n","protected":false},"excerpt":{"rendered":"<p>Kehtiv alates: 04.07.2018 AS Pro Kapital Grupp (&#8220;meie&#8221; v\u00f5i &#8220;ettev\u00f5te&#8221; v\u00f5i &#8220;PKG&#8221;) opereerib http:\/\/prokapital.com\/ veebilehte (&#8220;Teenus&#8221;). K\u00e4esolevaga informeerime Teid meie Teenuse kasutamisel Teie isikuandmete andmete kogumise, kasutamise ja avaldamise poliitikast. Kasutame Teie andmeid, et Teile Teenust osutada ja seda parendada. [&hellip;]<\/p>\n","protected":false},"author":1,"featured_media":0,"parent":0,"menu_order":55,"comment_status":"closed","ping_status":"closed","template":"","meta":{"_acf_changed":false,"footnotes":""},"class_list":["post-4179","page","type-page","status-publish","hentry"],"acf":[],"_links":{"self":[{"href":"https:\/\/www.prokapital.com\/et\/wp-json\/wp\/v2\/pages\/4179","targetHints":{"allow":["GET"]}}],"collection":[{"href":"https:\/\/www.prokapital.com\/et\/wp-json\/wp\/v2\/pages"}],"about":[{"href":"https:\/\/www.prokapital.com\/et\/wp-json\/wp\/v2\/types\/page"}],"author":[{"embeddable":true,"href":"https:\/\/www.prokapital.com\/et\/wp-json\/wp\/v2\/users\/1"}],"replies":[{"embeddable":true,"href":"https:\/\/www.prokapital.com\/et\/wp-json\/wp\/v2\/comments?post=4179"}],"version-history":[{"count":2,"href":"https:\/\/www.prokapital.com\/et\/wp-json\/wp\/v2\/pages\/4179\/revisions"}],"predecessor-version":[{"id":4190,"href":"https:\/\/www.prokapital.com\/et\/wp-json\/wp\/v2\/pages\/4179\/revisions\/4190"}],"wp:attachment":[{"href":"https:\/\/www.prokapital.com\/et\/wp-json\/wp\/v2\/media?parent=4179"}],"curies":[{"name":"wp","href":"https:\/\/api.w.org\/{rel}","templated":true}]}}